{"id":1264,"date":"2023-08-31T14:26:16","date_gmt":"2023-08-31T11:26:16","guid":{"rendered":"https:\/\/luontomuseo.fi\/?page_id=1264"},"modified":"2023-09-09T11:24:10","modified_gmt":"2023-09-09T08:24:10","slug":"museon-tarina","status":"publish","type":"page","link":"https:\/\/luontomuseo.fi\/en\/museon-tarina\/","title":{"rendered":"Our story"},"content":{"rendered":"<figure class=\"wp-block-image size-large\"><img loading=\"lazy\" decoding=\"async\" width=\"1024\" height=\"684\" src=\"https:\/\/luontomuseo.fi\/wp-content\/uploads\/2023\/08\/DSC_6954-1024x684.jpg\" alt=\"\" class=\"wp-image-1147\" srcset=\"https:\/\/luontomuseo.fi\/wp-content\/uploads\/2023\/08\/DSC_6954-1024x684.jpg 1024w, https:\/\/luontomuseo.fi\/wp-content\/uploads\/2023\/08\/DSC_6954-300x200.jpg 300w, https:\/\/luontomuseo.fi\/wp-content\/uploads\/2023\/08\/DSC_6954-768x513.jpg 768w, https:\/\/luontomuseo.fi\/wp-content\/uploads\/2023\/08\/DSC_6954-1536x1026.jpg 1536w, https:\/\/luontomuseo.fi\/wp-content\/uploads\/2023\/08\/DSC_6954-18x12.jpg 18w, https:\/\/luontomuseo.fi\/wp-content\/uploads\/2023\/08\/DSC_6954-1200x801.jpg 1200w, https:\/\/luontomuseo.fi\/wp-content\/uploads\/2023\/08\/DSC_6954.jpg 1920w\" sizes=\"auto, (max-width: 1024px) 100vw, 1024px\" \/><\/figure>\n\n\n\n<p>The first steps towards the establishment of the Forssa Museum of Natural History were taken in 1951, when The South-West H\u00e4me Commission on Conservation of Nature was founded as a division of The South-West H\u00e4me Regional and Museum Society. This society - Finland's first local one of the field - became an independent registered society in 1956 as The Nature Conservation Society of South-West H\u00e4me.<\/p>\n\n\n\n<p>The founder of the society and from then on its chairman, Torild Brander, then immediately started the systematic inventory of South-West H\u00e4me minerals, flora, and fauna - in the 50s it was far from clear as it is today what species inhabit the society's geographical area of activity. During this inventory quite a collection was gathered for the museum of natural history. The collections were at first, from 1957 to 1967, stored at the society's office and archives on Vapaudenkatu, Forssa. Specimens would occasionally be brought out on display for example at exhibitions in local schools.<\/p>\n\n\n\n<p>Gradually the collections grew so that the so-called public section of the collections was separated into its own entity. The first public museum was opened in the spacious second floor of Virastotalo on Kartanonkatu 10 in 1968. The more properly scientific collection remained private. The public section was named the Forssa Museum of Natural History, today the Forssa Nature Museum, as an expression of gratitude to the Town of Forssa.<\/p>\n\n\n\n<p>In 1973 the exhibition moved from Virstotalo to the first floor of the town's fire station, a much smaller space. The Town of Forssa built the first premises especially designed for museum use on the first floor up in the waste spinning mill building of the old Finlayson premises. These premises became utilized as the museum in 1988. In addition to its exhibitions, the museum now has closed rooms for scientific study and a private library on natural science for the members of the nature conservation society.<\/p>","protected":false},"excerpt":{"rendered":"<p>Forssan Luonnonhistoriallisen Museon toiminnan voidaan katsoa alkaneen vuonna 1951, jolloin perustettiin Lounais-H\u00e4meen Luonnonsuojelutoimikunta paikallisen Lounais-H\u00e4meen Kotiseutu- ja Museoyhdistyksen jaostoksi. T\u00e4m\u00e4 maamme ensimm\u00e4inen paikallinen luonnonsuojeluj\u00e4rjest\u00f6 itsen\u00e4istyi vuonna 1956 Lounais-H\u00e4meen Luonnonsuojeluyhdistys ry:ksi. Yhdistyksen perustajana ja alusta l\u00e4htien puheenjohtajana toiminut professori Torild Brander k\u00e4ynnisti heti lounaish\u00e4m\u00e4l\u00e4isen kivi-, kasvi- ja el\u00e4inmaailman j\u00e4rjestelm\u00e4llisen inventoinnin; 50-luvulla ei ollut viel\u00e4 sit\u00e4k\u00e4\u00e4n v\u00e4h\u00e4\u00e4 [&hellip;]<\/p>\n","protected":false},"author":1,"featured_media":0,"parent":0,"menu_order":0,"comment_status":"closed","ping_status":"closed","template":"","meta":{"footnotes":""},"class_list":["post-1264","page","type-page","status-publish","hentry"],"_links":{"self":[{"href":"https:\/\/luontomuseo.fi\/en\/wp-json\/wp\/v2\/pages\/1264","targetHints":{"allow":["GET"]}}],"collection":[{"href":"https:\/\/luontomuseo.fi\/en\/wp-json\/wp\/v2\/pages"}],"about":[{"href":"https:\/\/luontomuseo.fi\/en\/wp-json\/wp\/v2\/types\/page"}],"author":[{"embeddable":true,"href":"https:\/\/luontomuseo.fi\/en\/wp-json\/wp\/v2\/users\/1"}],"replies":[{"embeddable":true,"href":"https:\/\/luontomuseo.fi\/en\/wp-json\/wp\/v2\/comments?post=1264"}],"version-history":[{"count":3,"href":"https:\/\/luontomuseo.fi\/en\/wp-json\/wp\/v2\/pages\/1264\/revisions"}],"predecessor-version":[{"id":1313,"href":"https:\/\/luontomuseo.fi\/en\/wp-json\/wp\/v2\/pages\/1264\/revisions\/1313"}],"wp:attachment":[{"href":"https:\/\/luontomuseo.fi\/en\/wp-json\/wp\/v2\/media?parent=1264"}],"curies":[{"name":"wp","href":"https:\/\/api.w.org\/{rel}","templated":true}]}}