{"id":1388,"date":"2023-12-29T14:22:58","date_gmt":"2023-12-29T12:22:58","guid":{"rendered":"https:\/\/luontomuseo.fi\/?page_id=1388"},"modified":"2023-12-29T14:47:15","modified_gmt":"2023-12-29T12:47:15","slug":"kirjasto","status":"publish","type":"page","link":"https:\/\/luontomuseo.fi\/en\/kirjasto\/","title":{"rendered":"Museum library"},"content":{"rendered":"<figure class=\"wp-block-image size-large\"><img loading=\"lazy\" decoding=\"async\" width=\"1024\" height=\"768\" src=\"https:\/\/luontomuseo.fi\/wp-content\/uploads\/2023\/12\/91714EAD-D662-4D4F-92B7-AF9E9CB9EAAC-1024x768.jpeg\" alt=\"\" class=\"wp-image-1395\" srcset=\"https:\/\/luontomuseo.fi\/wp-content\/uploads\/2023\/12\/91714EAD-D662-4D4F-92B7-AF9E9CB9EAAC-1024x768.jpeg 1024w, https:\/\/luontomuseo.fi\/wp-content\/uploads\/2023\/12\/91714EAD-D662-4D4F-92B7-AF9E9CB9EAAC-300x225.jpeg 300w, https:\/\/luontomuseo.fi\/wp-content\/uploads\/2023\/12\/91714EAD-D662-4D4F-92B7-AF9E9CB9EAAC-768x576.jpeg 768w, https:\/\/luontomuseo.fi\/wp-content\/uploads\/2023\/12\/91714EAD-D662-4D4F-92B7-AF9E9CB9EAAC-1536x1152.jpeg 1536w, https:\/\/luontomuseo.fi\/wp-content\/uploads\/2023\/12\/91714EAD-D662-4D4F-92B7-AF9E9CB9EAAC-2048x1536.jpeg 2048w, https:\/\/luontomuseo.fi\/wp-content\/uploads\/2023\/12\/91714EAD-D662-4D4F-92B7-AF9E9CB9EAAC-16x12.jpeg 16w, https:\/\/luontomuseo.fi\/wp-content\/uploads\/2023\/12\/91714EAD-D662-4D4F-92B7-AF9E9CB9EAAC-1200x900.jpeg 1200w, https:\/\/luontomuseo.fi\/wp-content\/uploads\/2023\/12\/91714EAD-D662-4D4F-92B7-AF9E9CB9EAAC-1980x1485.jpeg 1980w\" sizes=\"auto, (max-width: 1024px) 100vw, 1024px\" \/><\/figure>\n\n\n\n<p>The library of the Forssa Nature Museum includes hundreds of books about various topics relating to nature, from nature conservation to ornithology. At the library, you\u2019ll find books in Finnish, Swedish, English, German, and other languages.<\/p>\n\n\n\n<p>Members of the Nature Conservation Society of Southwest H\u00e4me can borrow material from the library. Read more about the society here: <a href=\"https:\/\/luontomuseo.fi\/en\/lhly\/\">https:\/\/luontomuseo.fi\/en\/lhly\/<\/a>.<\/p>\n\n\n\n<p>You can browse our book collection online here: <a href=\"https:\/\/www.librarything.com\/catalog\/luontomuseo\">https:\/\/www.librarything.com\/catalog\/luontomuseo<\/a>.<\/p>","protected":false},"excerpt":{"rendered":"<p>Forssan luontomuseon kirjastossa on satoja kirjoja erilaisista luontoaiheista, luonnonsuojelusta ornitologiaan. Kirjastosta l\u00f6yd\u00e4t kirjoja suomeksi, ruotsiksi, englanniksi, saksaksi ja muilla kielill\u00e4. Lounais-H\u00e4meen luonnonsuojeluyhdistyksen j\u00e4senet saavat lainata kirjaston aineistoja. Lue lis\u00e4\u00e4 yhdistyksest\u00e4 t\u00e4st\u00e4 linkist\u00e4: https:\/\/luontomuseo.fi\/lhly\/. Voit selata kirjakokoelmaamme netiss\u00e4 t\u00e4st\u00e4 linkist\u00e4: https:\/\/fi.librarything.com\/catalog\/luontomuseo.<\/p>","protected":false},"author":1,"featured_media":0,"parent":0,"menu_order":0,"comment_status":"closed","ping_status":"closed","template":"","meta":{"footnotes":""},"class_list":["post-1388","page","type-page","status-publish","hentry"],"_links":{"self":[{"href":"https:\/\/luontomuseo.fi\/en\/wp-json\/wp\/v2\/pages\/1388","targetHints":{"allow":["GET"]}}],"collection":[{"href":"https:\/\/luontomuseo.fi\/en\/wp-json\/wp\/v2\/pages"}],"about":[{"href":"https:\/\/luontomuseo.fi\/en\/wp-json\/wp\/v2\/types\/page"}],"author":[{"embeddable":true,"href":"https:\/\/luontomuseo.fi\/en\/wp-json\/wp\/v2\/users\/1"}],"replies":[{"embeddable":true,"href":"https:\/\/luontomuseo.fi\/en\/wp-json\/wp\/v2\/comments?post=1388"}],"version-history":[{"count":9,"href":"https:\/\/luontomuseo.fi\/en\/wp-json\/wp\/v2\/pages\/1388\/revisions"}],"predecessor-version":[{"id":1402,"href":"https:\/\/luontomuseo.fi\/en\/wp-json\/wp\/v2\/pages\/1388\/revisions\/1402"}],"wp:attachment":[{"href":"https:\/\/luontomuseo.fi\/en\/wp-json\/wp\/v2\/media?parent=1388"}],"curies":[{"name":"wp","href":"https:\/\/api.w.org\/{rel}","templated":true}]}}