{"id":226,"date":"2019-11-29T16:45:53","date_gmt":"2019-11-29T14:45:53","guid":{"rendered":"http:\/\/luontomuseo.fi\/?page_id=226"},"modified":"2025-09-03T15:11:48","modified_gmt":"2025-09-03T12:11:48","slug":"opastukset","status":"publish","type":"page","link":"https:\/\/luontomuseo.fi\/en\/opastukset\/","title":{"rendered":"Vierailut p\u00e4iv\u00e4koti- ja kouluryhmille"},"content":{"rendered":"\n<figure class=\"wp-block-image size-full\"><img loading=\"lazy\" decoding=\"async\" width=\"922\" height=\"614\" src=\"http:\/\/luontomuseo.fi\/wp-content\/uploads\/2019\/12\/museolla1.jpg\" alt=\"\" class=\"wp-image-324\" srcset=\"https:\/\/luontomuseo.fi\/wp-content\/uploads\/2019\/12\/museolla1.jpg 922w, https:\/\/luontomuseo.fi\/wp-content\/uploads\/2019\/12\/museolla1-300x200.jpg 300w, https:\/\/luontomuseo.fi\/wp-content\/uploads\/2019\/12\/museolla1-768x511.jpg 768w\" sizes=\"auto, (max-width: 922px) 100vw, 922px\" \/><\/figure>\n\n\n\n<p>Vierailu Luontomuseolla tarjoaa ikkunan Lounais-H\u00e4meen luontoon, luonnonsuojeluun ja metsien merkitykseen. <\/p>\n\n\n\n<p>Lounais-H\u00e4meen alueen (Forssa, Tammela, Jokioinen, Humppila, Somero, Yp\u00e4j\u00e4, Urjala) p\u00e4iv\u00e4kodeille ja kouluille ryhm\u00e4varaukset maksuttomia osana ymp\u00e4rist\u00f6kasvatusohjelmaalle. <\/p>\n\n\n\n<p>Voit varata vierailun s\u00e4hk\u00f6postitse Luontomuseon infosta museo[\u00e4t]luontomuseo[piste]fi.<\/p>\n\n\n\n<p>Voit my\u00f6s tiedustella vapaita aikoja Luontomuseon numerosta 044 272 9002, joka on tavoitettavissa Luontomuseon aukioloaikoina.<\/p>\n\n\n\n<p>Muiden alueiden koulu- ja p\u00e4iv\u00e4kotiryhmien vierailut ovenavaus hintaan 40 euroa. <\/p>\n","protected":false},"excerpt":{"rendered":"<p>Vierailu Luontomuseolla tarjoaa ikkunan Lounais-H\u00e4meen luontoon, luonnonsuojeluun ja metsien merkitykseen. Lounais-H\u00e4meen alueen (Forssa, Tammela, Jokioinen, Humppila, Somero, Yp\u00e4j\u00e4, Urjala) p\u00e4iv\u00e4kodeille ja kouluille ryhm\u00e4varaukset maksuttomia osana ymp\u00e4rist\u00f6kasvatusohjelmaalle. Voit varata vierailun s\u00e4hk\u00f6postitse Luontomuseon infosta museo[\u00e4t]luontomuseo[piste]fi. Voit my\u00f6s tiedustella vapaita aikoja Luontomuseon numerosta 044 272 9002, joka on tavoitettavissa Luontomuseon aukioloaikoina. Muiden alueiden koulu- ja p\u00e4iv\u00e4kotiryhmien vierailut ovenavaus [&hellip;]<\/p>\n","protected":false},"author":1,"featured_media":0,"parent":0,"menu_order":0,"comment_status":"closed","ping_status":"closed","template":"","meta":{"footnotes":""},"class_list":["post-226","page","type-page","status-publish","hentry"],"_links":{"self":[{"href":"https:\/\/luontomuseo.fi\/en\/wp-json\/wp\/v2\/pages\/226","targetHints":{"allow":["GET"]}}],"collection":[{"href":"https:\/\/luontomuseo.fi\/en\/wp-json\/wp\/v2\/pages"}],"about":[{"href":"https:\/\/luontomuseo.fi\/en\/wp-json\/wp\/v2\/types\/page"}],"author":[{"embeddable":true,"href":"https:\/\/luontomuseo.fi\/en\/wp-json\/wp\/v2\/users\/1"}],"replies":[{"embeddable":true,"href":"https:\/\/luontomuseo.fi\/en\/wp-json\/wp\/v2\/comments?post=226"}],"version-history":[{"count":42,"href":"https:\/\/luontomuseo.fi\/en\/wp-json\/wp\/v2\/pages\/226\/revisions"}],"predecessor-version":[{"id":1724,"href":"https:\/\/luontomuseo.fi\/en\/wp-json\/wp\/v2\/pages\/226\/revisions\/1724"}],"wp:attachment":[{"href":"https:\/\/luontomuseo.fi\/en\/wp-json\/wp\/v2\/media?parent=226"}],"curies":[{"name":"wp","href":"https:\/\/api.w.org\/{rel}","templated":true}]}}