{"id":490,"date":"2021-09-02T18:06:30","date_gmt":"2021-09-02T15:06:30","guid":{"rendered":"http:\/\/luontomuseo.fi\/?page_id=490"},"modified":"2025-12-27T10:22:07","modified_gmt":"2025-12-27T08:22:07","slug":"luontokerho","status":"publish","type":"page","link":"https:\/\/luontomuseo.fi\/en\/luontokerho\/","title":{"rendered":"Children's nature club"},"content":{"rendered":"<p><br><strong>Kev\u00e4\u00e4n 2026 kauden ilmoittautuminen on nyt avattu!<\/strong><\/p>\n\n\n\n<p>Forssan Luontomuseon lasten luontokerhon kev\u00e4\u00e4n 2026 kausi k\u00e4ynnistyy keskiviikkona 14.1.2026.<\/p>\n\n\n\n<p>Lasten luontokerho on suunnattu 6\u201312-vuotiaille. Luontokerho kokoontuu keskiviikkoisin klo 16.15\u201317.45, poikkeuksena talvilomaviikko. Kerho jatkuu 13.5.2026 asti.<\/p>\n\n\n\n<p>Luontokerhossa tutustumme luonnon toimintaan tutkimuksen, leikin ja luovuuden kautta. Kerhon p\u00e4\u00e4majana toimii Forssan Luontomuseo Kehr\u00e4\u00e4m\u00f6alueella osoitteessa Wahreninkatu 4. Useina p\u00e4ivin\u00e4 seikkailemme my\u00f6s l\u00e4hiymp\u00e4rist\u00f6ss\u00e4.<\/p>\n\n\n\n<p>Kerhosta veloitetaan 40 euroa kaudelta osallistujaa kohden. Kerhoon mahtuu 10 osallistujaa ilmoittautumisj\u00e4rjestyksess\u00e4.<\/p>\n\n\n\n<p><strong>Kerhon aiheita mm.<\/strong><\/p>\n\n\n\n<ul class=\"wp-block-list\">\n<li>Mik\u00e4 luonto on? Tutustutaan luonnon merkitykseen, monimuotoisuuteen ja toimintaan<\/li>\n\n\n\n<li>Opitaan yhdess\u00e4 lajistoa<\/li>\n\n\n\n<li>Havaintokirjan pit\u00e4minen<\/li>\n\n\n\n<li>Luonto ja min\u00e4 \u2013 ihminen osana luontoa sek\u00e4 henkil\u00f6kohtaisen luontosuhteen tutkiminen ja kehitt\u00e4minen<\/li>\n\n\n\n<li>Vuodenaikojen muutosten tarkastelu ja ymm\u00e4rt\u00e4minen<\/li>\n\n\n\n<li>Luonnossa rauhoittuminen<\/li>\n\n\n\n<li>Luontoaiheiset leikit ja askarteluteht\u00e4v\u00e4t<\/li>\n<\/ul>\n\n\n\n<p>Tervetuloa mukaan luontokerhoon!<\/p>\n\n\n\n<p><strong>Ilmoittautumiset ja kyselyt osoitteeseen<\/strong> museo@luontomuseo.fi<\/p>\n\n\n\n<figure class=\"wp-block-image size-large\"><img loading=\"lazy\" decoding=\"async\" width=\"768\" height=\"1024\" src=\"https:\/\/luontomuseo.fi\/wp-content\/uploads\/2023\/12\/20231101_171830-768x1024.jpg\" alt=\"\" class=\"wp-image-1368\" srcset=\"https:\/\/luontomuseo.fi\/wp-content\/uploads\/2023\/12\/20231101_171830-768x1024.jpg 768w, https:\/\/luontomuseo.fi\/wp-content\/uploads\/2023\/12\/20231101_171830-225x300.jpg 225w, https:\/\/luontomuseo.fi\/wp-content\/uploads\/2023\/12\/20231101_171830-1152x1536.jpg 1152w, https:\/\/luontomuseo.fi\/wp-content\/uploads\/2023\/12\/20231101_171830-1536x2048.jpg 1536w, https:\/\/luontomuseo.fi\/wp-content\/uploads\/2023\/12\/20231101_171830-9x12.jpg 9w, https:\/\/luontomuseo.fi\/wp-content\/uploads\/2023\/12\/20231101_171830-1200x1600.jpg 1200w, https:\/\/luontomuseo.fi\/wp-content\/uploads\/2023\/12\/20231101_171830-1980x2640.jpg 1980w, https:\/\/luontomuseo.fi\/wp-content\/uploads\/2023\/12\/20231101_171830-scaled.jpg 1920w\" sizes=\"auto, (max-width: 768px) 100vw, 768px\" \/><\/figure>","protected":false},"excerpt":{"rendered":"<p>Kev\u00e4\u00e4n 2026 kauden ilmoittautuminen on nyt avattu! Forssan Luontomuseon lasten luontokerhon kev\u00e4\u00e4n 2026 kausi k\u00e4ynnistyy keskiviikkona 14.1.2026. Lasten luontokerho on suunnattu 6\u201312-vuotiaille. Luontokerho kokoontuu keskiviikkoisin klo 16.15\u201317.45, poikkeuksena talvilomaviikko. Kerho jatkuu 13.5.2026 asti. Luontokerhossa tutustumme luonnon toimintaan tutkimuksen, leikin ja luovuuden kautta. Kerhon p\u00e4\u00e4majana toimii Forssan Luontomuseo Kehr\u00e4\u00e4m\u00f6alueella osoitteessa Wahreninkatu 4. Useina p\u00e4ivin\u00e4 seikkailemme my\u00f6s [&hellip;]<\/p>\n","protected":false},"author":1,"featured_media":0,"parent":0,"menu_order":0,"comment_status":"closed","ping_status":"closed","template":"","meta":{"footnotes":""},"class_list":["post-490","page","type-page","status-publish","hentry"],"_links":{"self":[{"href":"https:\/\/luontomuseo.fi\/en\/wp-json\/wp\/v2\/pages\/490","targetHints":{"allow":["GET"]}}],"collection":[{"href":"https:\/\/luontomuseo.fi\/en\/wp-json\/wp\/v2\/pages"}],"about":[{"href":"https:\/\/luontomuseo.fi\/en\/wp-json\/wp\/v2\/types\/page"}],"author":[{"embeddable":true,"href":"https:\/\/luontomuseo.fi\/en\/wp-json\/wp\/v2\/users\/1"}],"replies":[{"embeddable":true,"href":"https:\/\/luontomuseo.fi\/en\/wp-json\/wp\/v2\/comments?post=490"}],"version-history":[{"count":30,"href":"https:\/\/luontomuseo.fi\/en\/wp-json\/wp\/v2\/pages\/490\/revisions"}],"predecessor-version":[{"id":1796,"href":"https:\/\/luontomuseo.fi\/en\/wp-json\/wp\/v2\/pages\/490\/revisions\/1796"}],"wp:attachment":[{"href":"https:\/\/luontomuseo.fi\/en\/wp-json\/wp\/v2\/media?parent=490"}],"curies":[{"name":"wp","href":"https:\/\/api.w.org\/{rel}","templated":true}]}}