{"id":673,"date":"2023-07-22T12:37:34","date_gmt":"2023-07-22T09:37:34","guid":{"rendered":"http:\/\/luontomuseo.fi\/?page_id=673"},"modified":"2025-11-23T08:52:11","modified_gmt":"2025-11-23T06:52:11","slug":"vaihtuva-nayttely","status":"publish","type":"page","link":"https:\/\/luontomuseo.fi\/en\/vaihtuva-nayttely\/","title":{"rendered":"Changing exhibition"},"content":{"rendered":"<p>In addition to our permanent collections, the museum hosts changing exhibitions. Entry to the changing exhibition space is free.<\/p>\n\n\n\n<p>The main purpose of the changing exhibition is to highlight the relationship between nature and art through nature-themed artworks ranging from photography to textile art. The exhibition space is offered to artists at no charge.<\/p>\n\n\n\n<div class=\"wp-block-columns is-layout-flex wp-container-core-columns-is-layout-1 wp-block-columns-is-layout-flex\">\n<div class=\"wp-block-column is-layout-flow wp-block-column-is-layout-flow\" style=\"flex-basis:100%\">\n<h4 class=\"wp-block-heading\"><strong>\u00a0Korpisuon kaunokaiset \u2013 sompasammalia etsim\u00e4ss\u00e4<\/strong><\/h4>\n<\/div>\n<\/div>\n\n\n\n<figure class=\"wp-block-image size-large\"><a href=\"https:\/\/luontomuseo.fi\/en\/vaihtuva-nayttely\/\"><img loading=\"lazy\" decoding=\"async\" width=\"1024\" height=\"682\" src=\"https:\/\/luontomuseo.fi\/wp-content\/uploads\/2025\/11\/tekstilla_hd-1024x682.jpg\" alt=\"\" class=\"wp-image-1749\" srcset=\"https:\/\/luontomuseo.fi\/wp-content\/uploads\/2025\/11\/tekstilla_hd-1024x682.jpg 1024w, https:\/\/luontomuseo.fi\/wp-content\/uploads\/2025\/11\/tekstilla_hd-300x200.jpg 300w, https:\/\/luontomuseo.fi\/wp-content\/uploads\/2025\/11\/tekstilla_hd-768x512.jpg 768w, https:\/\/luontomuseo.fi\/wp-content\/uploads\/2025\/11\/tekstilla_hd-1536x1023.jpg 1536w, https:\/\/luontomuseo.fi\/wp-content\/uploads\/2025\/11\/tekstilla_hd-18x12.jpg 18w, https:\/\/luontomuseo.fi\/wp-content\/uploads\/2025\/11\/tekstilla_hd-1200x799.jpg 1200w, https:\/\/luontomuseo.fi\/wp-content\/uploads\/2025\/11\/tekstilla_hd.jpg 1920w\" sizes=\"auto, (max-width: 1024px) 100vw, 1024px\" \/><\/a><\/figure>\n\n\n\n<p>Sompasammalet ovat ep\u00e4ilyksett\u00e4 sammalten joukossa huomiota her\u00e4tt\u00e4vimpi\u00e4 lajeja. Niit\u00e4 n\u00e4hdess\u00e4\u00e4n ei ole ihan varma edes siit\u00e4, mihin eli\u00f6iden tai olioiden luokkaan n\u00e4m\u00e4 h\u00e4mm\u00e4stytt\u00e4v\u00e4t ilmestykset sijoittaisi. Onko se kukka? Vai ohikulkevalta keijukaiselta unohtunut p\u00e4iv\u00e4nvarjo?<\/p>\n\n\n\n<p>Sompasammalten hauska ulkon\u00e4k\u00f6 selittyy niiden omalaatuisilla elintavoilla. Ne ovat erikoistuneet kasvamaan isojen kasvinsy\u00f6jien, kuten hirven, poron, peuran ja kauriin j\u00e4t\u00f6ksill\u00e4. Ne eritt\u00e4v\u00e4t kookkaista sateenvarjomaisista tai pallomaisista iti\u00f6pes\u00e4kkeen tyviosistaan pahanhajuisia tuoksuja, jotka houkuttelevat k\u00e4rp\u00e4si\u00e4 levitt\u00e4m\u00e4\u00e4n iti\u00f6it\u00e4 uusille j\u00e4t\u00f6ksille.&nbsp;<\/p>\n\n\n\n<p>Tutustu n\u00e4ihin soiden kaunokaisiin ja niiden kartoittamiseen Forssan luontomuseoon saapuvassa n\u00e4yttelyss\u00e4.<\/p>\n\n\n\n<p>N\u00e4yttelyn j\u00e4rjest\u00e4\u00e4 Sammalty\u00f6ryhm\u00e4.<\/p>\n\n\n\n<p>Lue lis\u00e4\u00e4 sammalty\u00f6ryhm\u00e4st\u00e4 (<a href=\"https:\/\/www.ymparisto.fi\/fi\/luonto-vesistot-ja-meri\/luonnon-monimuotoisuus\/lajien-monimuotoisuus\/lajien-uhanalaisuuden-arviointi\/eliotyoryhmat\/sammaltyoryhma\">https:\/\/www.ymparisto.fi\/fi\/luonto-vesistot-ja-meri\/luonnon-monimuotoisuus\/lajien-monimuotoisuus\/lajien-uhanalaisuuden-arviointi\/eliotyoryhmat\/sammaltyoryhma<\/a>)<\/p>\n\n\n\n<p>N\u00e4yttelyn viralliset avajaiset keskiviikkona 3.12.2025 klo 18\u201320, jolloin Sammalty\u00f6ryhm\u00e4n sihteeri Kati Pihlaja, Turun yliopiston Kasvimuseolta pit\u00e4\u00e4 esitelm\u00e4n kiehtovista sompasammalista ja sammalista yleisesti.<\/p>\n\n\n\n<p>Esitelm\u00e4tilaisuus pidet\u00e4\u00e4n Brander -salissa, jonka j\u00e4lkeen tutustumme itse n\u00e4yttelyyn. Tarjolla pient\u00e4 purtavaa ja juotavaa.\u00a0<\/p>\n\n\n\n<p><br>Valokuvan\u00e4yttely<br>Forssa Nature Museum<br>Wahreninkatu 4 A, 2. krs, 30100 Forssa<br>26.11.2025\u20134.1.2026<br><\/p>\n\n\n\n<p>N\u00e4yttely avoinna keskiviikkkoisin, perjantaisin ja sunnuntaisin klo 12\u201316, ja lauantaisin klo 10\u201314.<\/p>\n\n\n\n<p><strong>N\u00e4yttelyyn vapaap\u00e4\u00e4sy.<\/strong><\/p>\n\n\n\n<p><\/p>\n\n\n\n<p><\/p>\n\n\n\n<p><\/p>\n\n\n\n<hr class=\"wp-block-separator aligncenter has-alpha-channel-opacity\"\/>\n\n\n\n<p><a href=\"https:\/\/luontomuseo.fi\/en\/menneet-nayttelyt\/\" data-type=\"link\" data-id=\"https:\/\/luontomuseo.fi\/menneet-nayttelyt\/\">Check out our past exhibitions.<\/a><\/p>","protected":false},"excerpt":{"rendered":"<p>Pysyvien kokoelmien lis\u00e4ksi tarjolla on vaihtuvia n\u00e4yttelyit\u00e4. Vaihtuvien n\u00e4yttelyiden tilaan on vapaa p\u00e4\u00e4sy. Vaihtuvien n\u00e4yttelyiden p\u00e4\u00e4tarkoituksena on korostaa taiteen ja luonnon v\u00e4list\u00e4 suhdetta luontoaiheisten teosten avulla, valokuvista tekstiilitaiteeseen. N\u00e4yttelytila tarjotaan taiteilijoille maksutta. \u00a0Korpisuon kaunokaiset \u2013 sompasammalia etsim\u00e4ss\u00e4 Sompasammalet ovat ep\u00e4ilyksett\u00e4 sammalten joukossa huomiota her\u00e4tt\u00e4vimpi\u00e4 lajeja. Niit\u00e4 n\u00e4hdess\u00e4\u00e4n ei ole ihan varma edes siit\u00e4, mihin eli\u00f6iden [&hellip;]<\/p>\n","protected":false},"author":1,"featured_media":0,"parent":0,"menu_order":0,"comment_status":"closed","ping_status":"closed","template":"","meta":{"footnotes":""},"class_list":["post-673","page","type-page","status-publish","hentry"],"_links":{"self":[{"href":"https:\/\/luontomuseo.fi\/en\/wp-json\/wp\/v2\/pages\/673","targetHints":{"allow":["GET"]}}],"collection":[{"href":"https:\/\/luontomuseo.fi\/en\/wp-json\/wp\/v2\/pages"}],"about":[{"href":"https:\/\/luontomuseo.fi\/en\/wp-json\/wp\/v2\/types\/page"}],"author":[{"embeddable":true,"href":"https:\/\/luontomuseo.fi\/en\/wp-json\/wp\/v2\/users\/1"}],"replies":[{"embeddable":true,"href":"https:\/\/luontomuseo.fi\/en\/wp-json\/wp\/v2\/comments?post=673"}],"version-history":[{"count":53,"href":"https:\/\/luontomuseo.fi\/en\/wp-json\/wp\/v2\/pages\/673\/revisions"}],"predecessor-version":[{"id":1758,"href":"https:\/\/luontomuseo.fi\/en\/wp-json\/wp\/v2\/pages\/673\/revisions\/1758"}],"wp:attachment":[{"href":"https:\/\/luontomuseo.fi\/en\/wp-json\/wp\/v2\/media?parent=673"}],"curies":[{"name":"wp","href":"https:\/\/api.w.org\/{rel}","templated":true}]}}