{"id":713,"date":"2023-07-22T14:14:43","date_gmt":"2023-07-22T11:14:43","guid":{"rendered":"http:\/\/luontomuseo.fi\/?page_id=713"},"modified":"2023-08-01T11:18:49","modified_gmt":"2023-08-01T08:18:49","slug":"kuukausitapaamiset","status":"publish","type":"page","link":"https:\/\/luontomuseo.fi\/en\/kuukausitapaamiset\/","title":{"rendered":"Monthly meetings"},"content":{"rendered":"<figure class=\"wp-block-image size-large\"><img loading=\"lazy\" decoding=\"async\" width=\"1024\" height=\"680\" src=\"http:\/\/luontomuseo.fi\/wp-content\/uploads\/2023\/08\/346259970_1632017923903960_4390508130260296455_n-1024x680.jpg\" alt=\"\" class=\"wp-image-965\" srcset=\"https:\/\/luontomuseo.fi\/wp-content\/uploads\/2023\/08\/346259970_1632017923903960_4390508130260296455_n-1024x680.jpg 1024w, https:\/\/luontomuseo.fi\/wp-content\/uploads\/2023\/08\/346259970_1632017923903960_4390508130260296455_n-300x199.jpg 300w, https:\/\/luontomuseo.fi\/wp-content\/uploads\/2023\/08\/346259970_1632017923903960_4390508130260296455_n-768x510.jpg 768w, https:\/\/luontomuseo.fi\/wp-content\/uploads\/2023\/08\/346259970_1632017923903960_4390508130260296455_n-1200x797.jpg 1200w, https:\/\/luontomuseo.fi\/wp-content\/uploads\/2023\/08\/346259970_1632017923903960_4390508130260296455_n.jpg 1500w\" sizes=\"auto, (max-width: 1024px) 100vw, 1024px\" \/><\/figure>\n\n\n\n<p>Monthly meeetings are held every first Wednesday of the month at 6 pm at the Forssa Nature Museum. Sometimes we venture out to explore the nature sites of Southwest H\u00e4me. The meetings are held in Finnish.<\/p>\n\n\n\n<p>The meetings are informal gatherings where you can meet other nature lovers in the area, exchange ideas, and perhaps share hiking tips. You will also find out what's going on with the association and the museum.<\/p>\n\n\n\n<p>Members of the various association committees are also often present, so you can learn more about the committees' activities. The meetings are a great opportunity for both association members and nature lovers who aren't members to meet each other, share their thoughts, and bring new ideas to the association's future activities.<\/p>\n\n\n\n<p>The museum offers coffee, tea, and snacks. The meetings are open for everyone, so come along!<\/p>","protected":false},"excerpt":{"rendered":"<p>Kuukaistapaaminen j\u00e4rjestet\u00e4\u00e4n joka kuukauden 1. keskiviikko klo 18 p\u00e4\u00e4asiassa Forssan luontomuseolla. Joinain kertoina l\u00e4hdemme maastoon tutustumaan lounaish\u00e4m\u00e4l\u00e4isiin luontokohteisiin. Tapaamiset ovat vapaamuotoisia tilaisuuksia, joissa voi tutustua muihin luontoharrastajiin alueella, vaihtaa kuulumisia sek\u00e4 vaikkapa jakaa luontoretkeilyvinkkej\u00e4. Kokouksessa p\u00e4\u00e4see samalla kuulemaan mit\u00e4 yhdistyksess\u00e4 ja museolla on meneill\u00e4\u00e4n. Paikalla on usein my\u00f6s eri valiokuntien j\u00e4seni\u00e4, joiden kautta voi tutustua [&hellip;]<\/p>\n","protected":false},"author":1,"featured_media":0,"parent":0,"menu_order":0,"comment_status":"closed","ping_status":"closed","template":"","meta":{"footnotes":""},"class_list":["post-713","page","type-page","status-publish","hentry"],"_links":{"self":[{"href":"https:\/\/luontomuseo.fi\/en\/wp-json\/wp\/v2\/pages\/713","targetHints":{"allow":["GET"]}}],"collection":[{"href":"https:\/\/luontomuseo.fi\/en\/wp-json\/wp\/v2\/pages"}],"about":[{"href":"https:\/\/luontomuseo.fi\/en\/wp-json\/wp\/v2\/types\/page"}],"author":[{"embeddable":true,"href":"https:\/\/luontomuseo.fi\/en\/wp-json\/wp\/v2\/users\/1"}],"replies":[{"embeddable":true,"href":"https:\/\/luontomuseo.fi\/en\/wp-json\/wp\/v2\/comments?post=713"}],"version-history":[{"count":5,"href":"https:\/\/luontomuseo.fi\/en\/wp-json\/wp\/v2\/pages\/713\/revisions"}],"predecessor-version":[{"id":969,"href":"https:\/\/luontomuseo.fi\/en\/wp-json\/wp\/v2\/pages\/713\/revisions\/969"}],"wp:attachment":[{"href":"https:\/\/luontomuseo.fi\/en\/wp-json\/wp\/v2\/media?parent=713"}],"curies":[{"name":"wp","href":"https:\/\/api.w.org\/{rel}","templated":true}]}}