{"id":784,"date":"2023-07-28T14:10:11","date_gmt":"2023-07-28T11:10:11","guid":{"rendered":"https:\/\/luontomuseo.fi\/?page_id=784"},"modified":"2026-04-29T11:10:47","modified_gmt":"2026-04-29T08:10:47","slug":"tervetuloa-forssan-luontomuseoon","status":"publish","type":"page","link":"https:\/\/luontomuseo.fi\/en\/","title":{"rendered":"Welcome to Forssa Nature Museum"},"content":{"rendered":"<p class=\"has-text-align-center\">Forssan luonnonhistoriallinen museo esittelee Lounais-H\u00e4meen luontoa ja luonnonsuojeluty\u00f6t\u00e4.<\/p>\n\n\n\n<h2 class=\"wp-block-heading\">Ajankohtaista<\/h2>\n\n\n<ul class=\"wp-block-latest-posts__list has-dates wp-block-latest-posts\"><li><div class=\"wp-block-latest-posts__featured-image\"><a href=\"https:\/\/luontomuseo.fi\/en\/2026\/04\/29\/kevaan-ja-kesan-tapahtumia\/\" aria-label=\"Kev\u00e4\u00e4n ja kes\u00e4n tapahtumia\"><img loading=\"lazy\" decoding=\"async\" width=\"580\" height=\"430\" src=\"https:\/\/luontomuseo.fi\/wp-content\/uploads\/2026\/04\/2Q0A9256_roskatpois_p-1024x759.jpg\" class=\"attachment-large size-large wp-post-image\" alt=\"\" style=\"\" srcset=\"https:\/\/luontomuseo.fi\/wp-content\/uploads\/2026\/04\/2Q0A9256_roskatpois_p-1024x759.jpg 1024w, https:\/\/luontomuseo.fi\/wp-content\/uploads\/2026\/04\/2Q0A9256_roskatpois_p-300x222.jpg 300w, https:\/\/luontomuseo.fi\/wp-content\/uploads\/2026\/04\/2Q0A9256_roskatpois_p-768x569.jpg 768w, https:\/\/luontomuseo.fi\/wp-content\/uploads\/2026\/04\/2Q0A9256_roskatpois_p-1536x1138.jpg 1536w, https:\/\/luontomuseo.fi\/wp-content\/uploads\/2026\/04\/2Q0A9256_roskatpois_p-16x12.jpg 16w, https:\/\/luontomuseo.fi\/wp-content\/uploads\/2026\/04\/2Q0A9256_roskatpois_p-1200x889.jpg 1200w, https:\/\/luontomuseo.fi\/wp-content\/uploads\/2026\/04\/2Q0A9256_roskatpois_p-1980x1467.jpg 1980w, https:\/\/luontomuseo.fi\/wp-content\/uploads\/2026\/04\/2Q0A9256_roskatpois_p.jpg 2000w\" sizes=\"auto, (max-width: 580px) 100vw, 580px\" \/><\/a><\/div><a class=\"wp-block-latest-posts__post-title\" href=\"https:\/\/luontomuseo.fi\/en\/2026\/04\/29\/kevaan-ja-kesan-tapahtumia\/\">Kev\u00e4\u00e4n ja kes\u00e4n tapahtumia<\/a><time datetime=\"2026-04-29T11:06:56+03:00\" class=\"wp-block-latest-posts__post-date\">29.4.2026<\/time><div class=\"wp-block-latest-posts__post-excerpt\">Museo on suljettu vapunp\u00e4iv\u00e4n\u00e4 1.5.2026. Kuukausitapaaminen 6.5. klo 18 retken\u00e4 Forssan Saksanrimmin alueelle.<\/div><\/li>\n<li><div class=\"wp-block-latest-posts__featured-image\"><a href=\"https:\/\/luontomuseo.fi\/en\/2026\/04\/28\/lounais-hameen-luonnonsuojeluyhdistyksen-juhlanayttely\/\" aria-label=\"Lounais-H\u00e4meen Luonnonsuojeluyhdistyksen juhlan\u00e4yttely\"><img loading=\"lazy\" decoding=\"async\" width=\"580\" height=\"437\" src=\"https:\/\/luontomuseo.fi\/wp-content\/uploads\/2026\/04\/2Q0A9250_roskatpois_a-1024x771.jpg\" class=\"attachment-large size-large wp-post-image\" alt=\"\" style=\"\" srcset=\"https:\/\/luontomuseo.fi\/wp-content\/uploads\/2026\/04\/2Q0A9250_roskatpois_a-1024x771.jpg 1024w, https:\/\/luontomuseo.fi\/wp-content\/uploads\/2026\/04\/2Q0A9250_roskatpois_a-300x226.jpg 300w, https:\/\/luontomuseo.fi\/wp-content\/uploads\/2026\/04\/2Q0A9250_roskatpois_a-768x578.jpg 768w, https:\/\/luontomuseo.fi\/wp-content\/uploads\/2026\/04\/2Q0A9250_roskatpois_a-1536x1156.jpg 1536w, https:\/\/luontomuseo.fi\/wp-content\/uploads\/2026\/04\/2Q0A9250_roskatpois_a-16x12.jpg 16w, https:\/\/luontomuseo.fi\/wp-content\/uploads\/2026\/04\/2Q0A9250_roskatpois_a-1200x903.jpg 1200w, https:\/\/luontomuseo.fi\/wp-content\/uploads\/2026\/04\/2Q0A9250_roskatpois_a-1980x1490.jpg 1980w, https:\/\/luontomuseo.fi\/wp-content\/uploads\/2026\/04\/2Q0A9250_roskatpois_a.jpg 2000w\" sizes=\"auto, (max-width: 580px) 100vw, 580px\" \/><\/a><\/div><a class=\"wp-block-latest-posts__post-title\" href=\"https:\/\/luontomuseo.fi\/en\/2026\/04\/28\/lounais-hameen-luonnonsuojeluyhdistyksen-juhlanayttely\/\">Lounais-H\u00e4meen Luonnonsuojeluyhdistyksen juhlan\u00e4yttely<\/a><time datetime=\"2026-04-28T05:15:16+03:00\" class=\"wp-block-latest-posts__post-date\">28.4.2026<\/time><div class=\"wp-block-latest-posts__post-excerpt\">N\u00e4yttelyss\u00e4 palaamme 1950-luvulle. N\u00e4yttely avoinna 30.6.2026 asti. Avajaiset torstaina 30.4. klo 17.<\/div><\/li>\n<\/ul>\n\n\n<div class=\"wp-block-group alignwide\"><div class=\"wp-block-group__inner-container is-layout-constrained wp-block-group-is-layout-constrained\">\n<figure class=\"wp-block-table alignwide is-style-stripes\"><table class=\"has-primary-color has-subtle-background-background-color has-text-color has-background has-fixed-layout\"><thead><tr><th class=\"has-text-align-center\" data-align=\"center\"><\/th><th class=\"has-text-align-center\" data-align=\"center\"><\/th><th class=\"has-text-align-center\" data-align=\"center\"><\/th><\/tr><\/thead><tbody><tr><td class=\"has-text-align-center\" data-align=\"center\"><strong>LOCATION<\/strong><\/td><td class=\"has-text-align-center\" data-align=\"center\"><strong>AVOINNA <\/strong>1.9.-31.5.<\/td><td class=\"has-text-align-center\" data-align=\"center\"><strong>ENTRANCE FEE<\/strong><\/td><\/tr><tr><td class=\"has-text-align-center\" data-align=\"center\">Wahreninkatu 4, Entrance A, Forssa<br>Kehr\u00e4\u00e4m\u00f6n kirjastotalon yl\u00e4kerta, <br>k\u00e4ynti rakennuksen p\u00e4\u00e4tysivun rapusta<\/td><td class=\"has-text-align-center\" data-align=\"center\">Ke 12-16<br>Pe 12-16<br>La 10-14<br>Su 12-16<\/td><td class=\"has-text-align-center\" data-align=\"center\">6 \u20ac \/ 4 \u20ac<br>Ilmainen lapsille, LHLY:n j\u00e4senille &amp; museokortilla<\/td><\/tr><\/tbody><tfoot><tr><td class=\"has-text-align-center\" data-align=\"center\">museo(\u00e4t)luontomuseo.fi<br>+358 44 272 9002<\/td><td class=\"has-text-align-center\" data-align=\"center\">Kes\u00e4kaudella 1.6.-31.8. <br>ti-su klo 11-15<\/td><td class=\"has-text-align-center\" data-align=\"center\">Meill\u00e4 k\u00e4y kulttuurisetelit!<\/td><\/tr><\/tfoot><\/table><\/figure>\n<\/div><\/div>\n\n\n\n<div class=\"wp-block-group alignwide\"><div class=\"wp-block-group__inner-container is-layout-constrained wp-block-group-is-layout-constrained\">\n<div class=\"wp-block-columns alignwide are-vertically-aligned-top is-layout-flex wp-container-core-columns-is-layout-1 wp-block-columns-is-layout-flex\">\n<div class=\"wp-block-column is-vertically-aligned-top is-layout-flow wp-block-column-is-layout-flow\">\n<div class=\"wp-block-cover is-light\" style=\"min-height:350px;aspect-ratio:unset;\"><span aria-hidden=\"true\" class=\"wp-block-cover__background has-secondary-background-color has-background-dim\"><\/span><img loading=\"lazy\" decoding=\"async\" width=\"1920\" height=\"1282\" class=\"wp-block-cover__image-background wp-image-1136\" alt=\"\" src=\"https:\/\/luontomuseo.fi\/wp-content\/uploads\/2023\/08\/DSC_6894.jpg\" data-object-fit=\"cover\" srcset=\"https:\/\/luontomuseo.fi\/wp-content\/uploads\/2023\/08\/DSC_6894.jpg 1920w, https:\/\/luontomuseo.fi\/wp-content\/uploads\/2023\/08\/DSC_6894-300x200.jpg 300w, https:\/\/luontomuseo.fi\/wp-content\/uploads\/2023\/08\/DSC_6894-1024x684.jpg 1024w, https:\/\/luontomuseo.fi\/wp-content\/uploads\/2023\/08\/DSC_6894-768x513.jpg 768w, https:\/\/luontomuseo.fi\/wp-content\/uploads\/2023\/08\/DSC_6894-1536x1026.jpg 1536w, https:\/\/luontomuseo.fi\/wp-content\/uploads\/2023\/08\/DSC_6894-18x12.jpg 18w, https:\/\/luontomuseo.fi\/wp-content\/uploads\/2023\/08\/DSC_6894-1200x801.jpg 1200w\" sizes=\"auto, (max-width: 1920px) 100vw, 1920px\" \/><div class=\"wp-block-cover__inner-container is-layout-flow wp-block-cover-is-layout-flow\">\n<div class=\"wp-block-buttons is-content-justification-center is-layout-flex wp-container-core-buttons-is-layout-1 wp-block-buttons-is-layout-flex\">\n<div class=\"wp-block-button is-style-outline is-style-outline--1\"><a class=\"wp-block-button__link has-accent-color has-text-color has-background has-text-align-center wp-element-button\" href=\"https:\/\/luontomuseo.fi\/en\/lajistonayttely\/\" style=\"border-radius:0px;background-color:#f5efdfbd\">Species exhibition<\/a><\/div>\n<\/div>\n<\/div><\/div>\n<\/div>\n\n\n\n<div class=\"wp-block-column is-vertically-aligned-top is-layout-flow wp-block-column-is-layout-flow\">\n<div class=\"wp-block-cover is-light\" style=\"min-height:350px;aspect-ratio:unset;\"><span aria-hidden=\"true\" class=\"wp-block-cover__background has-secondary-background-color has-background-dim\"><\/span><img loading=\"lazy\" decoding=\"async\" width=\"1920\" height=\"1282\" class=\"wp-block-cover__image-background wp-image-1137\" alt=\"\" src=\"https:\/\/luontomuseo.fi\/wp-content\/uploads\/2023\/08\/DSC_6905.jpg\" data-object-fit=\"cover\" srcset=\"https:\/\/luontomuseo.fi\/wp-content\/uploads\/2023\/08\/DSC_6905.jpg 1920w, https:\/\/luontomuseo.fi\/wp-content\/uploads\/2023\/08\/DSC_6905-300x200.jpg 300w, https:\/\/luontomuseo.fi\/wp-content\/uploads\/2023\/08\/DSC_6905-1024x684.jpg 1024w, https:\/\/luontomuseo.fi\/wp-content\/uploads\/2023\/08\/DSC_6905-768x513.jpg 768w, https:\/\/luontomuseo.fi\/wp-content\/uploads\/2023\/08\/DSC_6905-1536x1026.jpg 1536w, https:\/\/luontomuseo.fi\/wp-content\/uploads\/2023\/08\/DSC_6905-18x12.jpg 18w, https:\/\/luontomuseo.fi\/wp-content\/uploads\/2023\/08\/DSC_6905-1200x801.jpg 1200w\" sizes=\"auto, (max-width: 1920px) 100vw, 1920px\" \/><div class=\"wp-block-cover__inner-container is-layout-flow wp-block-cover-is-layout-flow\">\n<div class=\"wp-block-buttons is-content-justification-center is-layout-flex wp-container-core-buttons-is-layout-2 wp-block-buttons-is-layout-flex\">\n<div class=\"wp-block-button is-style-outline is-style-outline--2\"><a class=\"wp-block-button__link has-accent-color has-text-color has-background has-text-align-center wp-element-button\" href=\"https:\/\/luontomuseo.fi\/en\/mineraali-ja-kivinayttely\/\" style=\"border-radius:0px;background-color:#f5efdfbd\">Mineral and rock exhibition<\/a><\/div>\n<\/div>\n<\/div><\/div>\n<\/div>\n\n\n\n<div class=\"wp-block-column is-vertically-aligned-top is-layout-flow wp-block-column-is-layout-flow\">\n<div class=\"wp-block-cover is-light\" style=\"min-height:350px;aspect-ratio:unset;\"><span aria-hidden=\"true\" class=\"wp-block-cover__background has-secondary-background-color has-background-dim\"><\/span><img loading=\"lazy\" decoding=\"async\" width=\"1920\" height=\"1282\" class=\"wp-block-cover__image-background wp-image-1161\" alt=\"\" src=\"https:\/\/luontomuseo.fi\/wp-content\/uploads\/2023\/08\/DSC_6912.jpg\" data-object-fit=\"cover\" srcset=\"https:\/\/luontomuseo.fi\/wp-content\/uploads\/2023\/08\/DSC_6912.jpg 1920w, https:\/\/luontomuseo.fi\/wp-content\/uploads\/2023\/08\/DSC_6912-300x200.jpg 300w, https:\/\/luontomuseo.fi\/wp-content\/uploads\/2023\/08\/DSC_6912-1024x684.jpg 1024w, https:\/\/luontomuseo.fi\/wp-content\/uploads\/2023\/08\/DSC_6912-768x513.jpg 768w, https:\/\/luontomuseo.fi\/wp-content\/uploads\/2023\/08\/DSC_6912-1536x1026.jpg 1536w, https:\/\/luontomuseo.fi\/wp-content\/uploads\/2023\/08\/DSC_6912-18x12.jpg 18w, https:\/\/luontomuseo.fi\/wp-content\/uploads\/2023\/08\/DSC_6912-1200x801.jpg 1200w\" sizes=\"auto, (max-width: 1920px) 100vw, 1920px\" \/><div class=\"wp-block-cover__inner-container is-layout-flow wp-block-cover-is-layout-flow\">\n<div class=\"wp-block-buttons is-content-justification-center is-layout-flex wp-container-core-buttons-is-layout-3 wp-block-buttons-is-layout-flex\">\n<div class=\"wp-block-button is-style-outline is-style-outline--3\"><a class=\"wp-block-button__link has-accent-color has-text-color has-background wp-element-button\" href=\"https:\/\/luontomuseo.fi\/en\/suojassa-nayttely\/\" style=\"border-radius:0px;background-color:#f5efdfbd\">\"Protected\" exhibition<\/a><\/div>\n<\/div>\n<\/div><\/div>\n<\/div>\n<\/div>\n<\/div><\/div>\n\n\n\n<h3 class=\"wp-block-heading has-text-align-left\">The story of Forssa Nature Museum<\/h3>\n\n\n\n<p>The first steps towards the establishment of the Forssa Museum of Natural History were taken in 1951, when The South-West H\u00e4me Commission on Conservation of Nature was founded as a division of The South-West H\u00e4me Regional and Museum Society. This society - Finland's first local one of the field - became an independent registered society in 1956 as The Nature Conservation Society of South-West H\u00e4me. <a href=\"https:\/\/luontomuseo.fi\/en\/museon-tarina\/\" data-type=\"link\" data-id=\"https:\/\/luontomuseo.fi\/forssan-luontomuseon-tarina\/\">Read more.<\/a><\/p>","protected":false},"excerpt":{"rendered":"<p>Forssan luonnonhistoriallinen museo esittelee Lounais-H\u00e4meen luontoa ja luonnonsuojeluty\u00f6t\u00e4. Ajankohtaista K\u00c4YNTIOSOITE AVOINNA 1.9.-31.5. P\u00c4\u00c4SYMAKSU Wahreninkatu 4, A-rappu, ForssaKehr\u00e4\u00e4m\u00f6n kirjastotalon yl\u00e4kerta, k\u00e4ynti rakennuksen p\u00e4\u00e4tysivun rapusta Ke 12-16Pe 12-16La 10-14Su 12-16 6 \u20ac \/ 4 \u20acIlmainen lapsille, LHLY:n j\u00e4senille &amp; museokortilla museo(\u00e4t)luontomuseo.fi+358 44 272 9002 Kes\u00e4kaudella 1.6.-31.8. ti-su klo 11-15 Meill\u00e4 k\u00e4y kulttuurisetelit! Forssan luontomuseon tarina Forssan Luonnonhistoriallisen [&hellip;]<\/p>\n","protected":false},"author":1,"featured_media":0,"parent":0,"menu_order":0,"comment_status":"closed","ping_status":"closed","template":"","meta":{"footnotes":""},"class_list":["post-784","page","type-page","status-publish","hentry"],"_links":{"self":[{"href":"https:\/\/luontomuseo.fi\/en\/wp-json\/wp\/v2\/pages\/784","targetHints":{"allow":["GET"]}}],"collection":[{"href":"https:\/\/luontomuseo.fi\/en\/wp-json\/wp\/v2\/pages"}],"about":[{"href":"https:\/\/luontomuseo.fi\/en\/wp-json\/wp\/v2\/types\/page"}],"author":[{"embeddable":true,"href":"https:\/\/luontomuseo.fi\/en\/wp-json\/wp\/v2\/users\/1"}],"replies":[{"embeddable":true,"href":"https:\/\/luontomuseo.fi\/en\/wp-json\/wp\/v2\/comments?post=784"}],"version-history":[{"count":186,"href":"https:\/\/luontomuseo.fi\/en\/wp-json\/wp\/v2\/pages\/784\/revisions"}],"predecessor-version":[{"id":1899,"href":"https:\/\/luontomuseo.fi\/en\/wp-json\/wp\/v2\/pages\/784\/revisions\/1899"}],"wp:attachment":[{"href":"https:\/\/luontomuseo.fi\/en\/wp-json\/wp\/v2\/media?parent=784"}],"curies":[{"name":"wp","href":"https:\/\/api.w.org\/{rel}","templated":true}]}}