{"id":837,"date":"2023-07-28T14:18:50","date_gmt":"2023-07-28T11:18:50","guid":{"rendered":"https:\/\/luontomuseo.fi\/?page_id=837"},"modified":"2026-01-16T12:07:03","modified_gmt":"2026-01-16T10:07:03","slug":"mineraali-ja-kivinayttely","status":"publish","type":"page","link":"https:\/\/luontomuseo.fi\/en\/mineraali-ja-kivinayttely\/","title":{"rendered":"Mineral and rock exhibition"},"content":{"rendered":"<figure class=\"wp-block-image size-large\"><img loading=\"lazy\" decoding=\"async\" width=\"1024\" height=\"684\" src=\"https:\/\/luontomuseo.fi\/wp-content\/uploads\/2023\/08\/DSC_6905-1024x684.jpg\" alt=\"\" class=\"wp-image-1137\" srcset=\"https:\/\/luontomuseo.fi\/wp-content\/uploads\/2023\/08\/DSC_6905-1024x684.jpg 1024w, https:\/\/luontomuseo.fi\/wp-content\/uploads\/2023\/08\/DSC_6905-300x200.jpg 300w, https:\/\/luontomuseo.fi\/wp-content\/uploads\/2023\/08\/DSC_6905-768x513.jpg 768w, https:\/\/luontomuseo.fi\/wp-content\/uploads\/2023\/08\/DSC_6905-1536x1026.jpg 1536w, https:\/\/luontomuseo.fi\/wp-content\/uploads\/2023\/08\/DSC_6905-18x12.jpg 18w, https:\/\/luontomuseo.fi\/wp-content\/uploads\/2023\/08\/DSC_6905-1200x801.jpg 1200w, https:\/\/luontomuseo.fi\/wp-content\/uploads\/2023\/08\/DSC_6905.jpg 1920w\" sizes=\"auto, (max-width: 1024px) 100vw, 1024px\" \/><\/figure>\n\n\n\n<p>Our permanent exhibitions now include a unique collection of minerals and rocks, which is one of the most comprehensive collections on display in Finland in terms of scientific importance and scope. The collection includes samples of more than half of Finland's known minerals, which is an impressive scope for a private collection. The collection is the result of 25 years of work by Ilkka J\u00e4rvel\u00e4 and was donated to the Forssa Nature Museum in 2023. Many are surprised to find that such a diverse collection comes from Finland alone! The samples are carefully labeled and well lit.<\/p>\n\n\n\n<p>The mineral and stone collection is accompanied by stunning and inspiring stone jewellery and stone inlay work by artist Eva Jarne. These outstanding artworks depict and highlight the beauty of Finnish nature with refined natural materials.<\/p>","protected":false},"excerpt":{"rendered":"<p>Uutuutena pysyv\u00e4ss\u00e4 n\u00e4yttelykokonaisuudessamme on ainutlaatuinen mineraali- ja kivikokoelma, joka on tieteelliselt\u00e4 merkitykselt\u00e4\u00e4n ja laajuudeltaan Suomen kattavimpia esillepanoja. Suomen tunnetuista mineraaleista on yhteen ker\u00e4ttyn\u00e4 yli puolet, ja tuskin nykyp\u00e4iv\u00e4n\u00e4 vastaavaa voisikaan yksityishenkil\u00f6 ker\u00e4t\u00e4. Kokoelma on ker\u00e4ilij\u00e4 Ilkka J\u00e4rvel\u00e4n ty\u00f6n tulosta 25 vuoden ajalta ja saatu lahjoituksena Luontomuseolle vuonna 2023. Suuri on monella yll\u00e4tyksen tuntu, ett\u00e4 voiko [&hellip;]<\/p>\n","protected":false},"author":1,"featured_media":0,"parent":0,"menu_order":0,"comment_status":"closed","ping_status":"closed","template":"","meta":{"footnotes":""},"class_list":["post-837","page","type-page","status-publish","hentry"],"_links":{"self":[{"href":"https:\/\/luontomuseo.fi\/en\/wp-json\/wp\/v2\/pages\/837","targetHints":{"allow":["GET"]}}],"collection":[{"href":"https:\/\/luontomuseo.fi\/en\/wp-json\/wp\/v2\/pages"}],"about":[{"href":"https:\/\/luontomuseo.fi\/en\/wp-json\/wp\/v2\/types\/page"}],"author":[{"embeddable":true,"href":"https:\/\/luontomuseo.fi\/en\/wp-json\/wp\/v2\/users\/1"}],"replies":[{"embeddable":true,"href":"https:\/\/luontomuseo.fi\/en\/wp-json\/wp\/v2\/comments?post=837"}],"version-history":[{"count":9,"href":"https:\/\/luontomuseo.fi\/en\/wp-json\/wp\/v2\/pages\/837\/revisions"}],"predecessor-version":[{"id":1828,"href":"https:\/\/luontomuseo.fi\/en\/wp-json\/wp\/v2\/pages\/837\/revisions\/1828"}],"wp:attachment":[{"href":"https:\/\/luontomuseo.fi\/en\/wp-json\/wp\/v2\/media?parent=837"}],"curies":[{"name":"wp","href":"https:\/\/api.w.org\/{rel}","templated":true}]}}