{"id":840,"date":"2023-07-28T14:20:27","date_gmt":"2023-07-28T11:20:27","guid":{"rendered":"https:\/\/luontomuseo.fi\/?page_id=840"},"modified":"2026-01-16T12:09:20","modified_gmt":"2026-01-16T10:09:20","slug":"suojassa-nayttely","status":"publish","type":"page","link":"https:\/\/luontomuseo.fi\/en\/suojassa-nayttely\/","title":{"rendered":"\"Protected\" exhibition"},"content":{"rendered":"<p>N\u00e4yttelysalin keskell\u00e4 kiemurtelee nelj\u00e4n sein\u00e4n sis\u00e4ss\u00e4 pienist\u00e4 huoneista koostuva vuonna 2017 pystytetty Suojassa-teeman\u00e4yttely. Se on tehty tarinalliseksi kokonaisuudeksi Suomen luonnosta. N\u00e4yttely nostaa esille aiheita kuten kaupunkiluonto ja roskaaminen, kansallispuistot, rauhoitus ja luonnonsuojelutoiminnan historia.<\/p>\n\n\n\n<p>N\u00e4yttely\u00e4 on uudistettu vuosina 2024 ja 2025 osana Yhteinen luontomuseo hanketta<\/p>","protected":false},"excerpt":{"rendered":"<p>N\u00e4yttelysalin keskell\u00e4 kiemurtelee nelj\u00e4n sein\u00e4n sis\u00e4ss\u00e4 pienist\u00e4 huoneista koostuva vuonna 2017 pystytetty Suojassa-teeman\u00e4yttely. Se on tehty tarinalliseksi kokonaisuudeksi Suomen luonnosta. N\u00e4yttely nostaa esille aiheita kuten kaupunkiluonto ja roskaaminen, kansallispuistot, rauhoitus ja luonnonsuojelutoiminnan historia. N\u00e4yttely\u00e4 on uudistettu vuosina 2024 ja 2025 osana Yhteinen luontomuseo hanketta<\/p>","protected":false},"author":1,"featured_media":0,"parent":0,"menu_order":0,"comment_status":"closed","ping_status":"closed","template":"","meta":{"footnotes":""},"class_list":["post-840","page","type-page","status-publish","hentry"],"_links":{"self":[{"href":"https:\/\/luontomuseo.fi\/en\/wp-json\/wp\/v2\/pages\/840","targetHints":{"allow":["GET"]}}],"collection":[{"href":"https:\/\/luontomuseo.fi\/en\/wp-json\/wp\/v2\/pages"}],"about":[{"href":"https:\/\/luontomuseo.fi\/en\/wp-json\/wp\/v2\/types\/page"}],"author":[{"embeddable":true,"href":"https:\/\/luontomuseo.fi\/en\/wp-json\/wp\/v2\/users\/1"}],"replies":[{"embeddable":true,"href":"https:\/\/luontomuseo.fi\/en\/wp-json\/wp\/v2\/comments?post=840"}],"version-history":[{"count":6,"href":"https:\/\/luontomuseo.fi\/en\/wp-json\/wp\/v2\/pages\/840\/revisions"}],"predecessor-version":[{"id":1830,"href":"https:\/\/luontomuseo.fi\/en\/wp-json\/wp\/v2\/pages\/840\/revisions\/1830"}],"wp:attachment":[{"href":"https:\/\/luontomuseo.fi\/en\/wp-json\/wp\/v2\/media?parent=840"}],"curies":[{"name":"wp","href":"https:\/\/api.w.org\/{rel}","templated":true}]}}